{"id":1,"date":"2019-09-23T19:35:39","date_gmt":"2019-09-23T18:35:39","guid":{"rendered":"http:\/\/aav-astro.fr\/blog\/?p=1"},"modified":"2023-02-24T11:22:15","modified_gmt":"2023-02-24T10:22:15","slug":"aav-astronomie-orsay-essonne-region-parisienne-observations-etoiles","status":"publish","type":"page","link":"https:\/\/aav-astro.fr\/blog\/index.php\/aav-astronomie-orsay-essonne-region-parisienne-observations-etoiles\/","title":{"rendered":"Bienvenue \u00e0 l&rsquo;Association Astronomique de la Vall\u00e9e (Orsay, Bures sur Yvette, Gometz le Ch\u00e2tel, Palaiseau), observations des \u00e9toiles, club d&rsquo;astronomie en Essonne observations en R\u00e9gion Parisienne"},"content":{"rendered":"<div class=\"members-access-error\">Pour aller sur le site de l&rsquo;AAV ORSAY, cliquer sur\u00a0<a href=\"https:\/\/aav-astro.fr\/\">https:\/\/aav-astro.fr\/<\/a><\/div>\n","protected":false},"excerpt":{"rendered":"<div class=\"members-access-error\">Pour aller sur le site de l&rsquo;AAV ORSAY, cliquer sur\u00a0<a href=\"https:\/\/aav-astro.fr\/\">https:\/\/aav-astro.fr\/<\/a><\/div>\n","protected":false},"author":1,"featured_media":0,"parent":0,"menu_order":0,"comment_status":"closed","ping_status":"closed","template":"","meta":[],"_links":{"self":[{"href":"https:\/\/aav-astro.fr\/blog\/index.php\/wp-json\/wp\/v2\/pages\/1"}],"collection":[{"href":"https:\/\/aav-astro.fr\/blog\/index.php\/wp-json\/wp\/v2\/pages"}],"about":[{"href":"https:\/\/aav-astro.fr\/blog\/index.php\/wp-json\/wp\/v2\/types\/page"}],"author":[{"embeddable":true,"href":"https:\/\/aav-astro.fr\/blog\/index.php\/wp-json\/wp\/v2\/users\/1"}],"replies":[{"embeddable":true,"href":"https:\/\/aav-astro.fr\/blog\/index.php\/wp-json\/wp\/v2\/comments?post=1"}],"version-history":[{"count":164,"href":"https:\/\/aav-astro.fr\/blog\/index.php\/wp-json\/wp\/v2\/pages\/1\/revisions"}],"predecessor-version":[{"id":2172,"href":"https:\/\/aav-astro.fr\/blog\/index.php\/wp-json\/wp\/v2\/pages\/1\/revisions\/2172"}],"wp:attachment":[{"href":"https:\/\/aav-astro.fr\/blog\/index.php\/wp-json\/wp\/v2\/media?parent=1"}],"curies":[{"name":"wp","href":"https:\/\/api.w.org\/{rel}","templated":true}]}}